{"id":6436,"date":"2025-07-07T16:51:27","date_gmt":"2025-07-07T19:51:27","guid":{"rendered":"https:\/\/clientes.jusanalytics.com.br\/professor\/?page_id=6436"},"modified":"2025-07-07T16:52:26","modified_gmt":"2025-07-07T19:52:26","slug":"noticias","status":"publish","type":"page","link":"https:\/\/clientes.jusanalytics.com.br\/professor\/noticias\/","title":{"rendered":"Not\u00edcias"},"content":{"rendered":"\t\t<div data-elementor-type=\"wp-page\" data-elementor-id=\"6436\" class=\"elementor elementor-6436\">\n\t\t\t\t<div class=\"elementor-element elementor-element-3baca80 e-flex e-con-boxed wpr-particle-no wpr-jarallax-no wpr-parallax-no wpr-sticky-section-no e-con e-parent\" data-id=\"3baca80\" data-element_type=\"container\">\n\t\t\t\t\t<div class=\"e-con-inner\">\n\t\t\t\t<div class=\"elementor-element elementor-element-fb0c0d5 elementor-widget elementor-widget-heading\" data-id=\"fb0c0d5\" data-element_type=\"widget\" data-widget_type=\"heading.default\">\n\t\t\t\t\t<h2 class=\"elementor-heading-title elementor-size-default\">Not\u00edcias<\/h2>\t\t\t\t<\/div>\n\t\t\t\t\t<\/div>\n\t\t\t\t<\/div>\n\t\t<div class=\"elementor-element elementor-element-f958baa e-flex e-con-boxed wpr-particle-no wpr-jarallax-no wpr-parallax-no wpr-sticky-section-no e-con e-parent\" data-id=\"f958baa\" data-element_type=\"container\">\n\t\t\t\t\t<div class=\"e-con-inner\">\n\t\t\t\t<div class=\"elementor-element elementor-element-e470f70 elementor-widget elementor-widget-upk-maple-grid\" data-id=\"e470f70\" data-element_type=\"widget\" data-settings=\"{&quot;upk_in_animation_show&quot;:&quot;yes&quot;}\" data-widget_type=\"upk-maple-grid.default\">\n\t\t\t\t\t\t\t<div class=\"upk-maple-grid\">\n\t\t\t<div class=\"upk-post-grid upk-style-3 upk-in-animation\" data-in-animation-delay=\"\">\n\n\t\t\t\t\n\t\t\t\t\t\t\t<div class=\"upk-item\">\n\t\t\t<div class=\"upk-item-box\">\n\t\t\t\t<div class=\"upk-image-wrap\">\n\t\t\t\t\t<div class=\"upk-main-image\">\n\t\t\t\t\t\t<img decoding=\"async\" width=\"200\" height=\"200\" src=\"https:\/\/clientes.jusanalytics.com.br\/professor\/wp-content\/uploads\/2025\/06\/A-UFMS-conquista-o-primeiro-Doutorado-em-Direito-do-Mato-Grosso-do-Sul.png\" class=\"upk-img\" alt=\"UFMS conquista o primeiro Doutorado em Direito do Mato Grosso do Sul!\" srcset=\"https:\/\/clientes.jusanalytics.com.br\/professor\/wp-content\/uploads\/2025\/06\/A-UFMS-conquista-o-primeiro-Doutorado-em-Direito-do-Mato-Grosso-do-Sul.png 200w, https:\/\/clientes.jusanalytics.com.br\/professor\/wp-content\/uploads\/2025\/06\/A-UFMS-conquista-o-primeiro-Doutorado-em-Direito-do-Mato-Grosso-do-Sul-150x150.png 150w\" sizes=\"(max-width: 200px) 100vw, 200px\" \/>\t\t\t\t\t<\/div>\n\n\t\t\t\t\t\n\t\t\t\t<\/div>\n\n\t\t\t\t<div class=\"upk-content\">\n\t\t\t\t\t<div class=\"upk-content-inner\">\n\n\t\t\t\t\t\t\t\t\t\t\t\t\t<div class=\"upk-meta\">\n\t\t\t\t\t\t\t\t\n\t\t\t\t\t\t\t\t\t\t\t\t\t\t\t\t\t<div class=\"upk-blog-date\" data-separator=\"-\">\n\t\t\t\t\t\t\t\t\t\t<div class=\"upk-blog-date\">\n\t\t\t\t\t\t\t\t\t\t\t<a class=\"date\" href=\"#\">\n\t\t\t\t\t\t\t\t\t\t\t\t<i class=\"upk-icon-calendar\" aria-hidden=\"true\"><\/i>18 de junho de 2025\t\t\t\t\t\t\t\t\t\t\t<\/a>\n\t\t\t\t\t\t\t\t\t\t<\/div>\n\n\t\t\t\t\t\t\t\t\t\t\t\t\t\t\t\t\t\t\t<\/div>\n\t\t\t\t\t\t\t\t\n\t\t\t\t\t\t\t\t\n\t\t\t\t\t\t\t<\/div>\n\t\t\t\t\t\t\n\t\t\t\t\t\t<h3 class=\"upk-title\"><a href=\"https:\/\/clientes.jusanalytics.com.br\/professor\/2025\/06\/18\/a-ufms-conquista-o-primeiro-doutorado-em-direito-do-mato-grosso-do-sul\/\" title=\"UFMS conquista o primeiro Doutorado em Direito do Mato Grosso do Sul!\" class=\"title-animation-underline\" >UFMS conquista o primeiro Doutorado em Direito do Mato Grosso do Sul!<\/a><\/h3>\n\t\t\t\t\t\t\t\t\t\t\t<\/div>\n\t\t\t\t<\/div>\n\n\t\t\t<\/div>\n\t\t<\/div>\n\n\n\t\n\t\t\t\t\n\t\t\t\t\t\t\t<div class=\"upk-item\">\n\t\t\t<div class=\"upk-item-box\">\n\t\t\t\t<div class=\"upk-image-wrap\">\n\t\t\t\t\t<div class=\"upk-main-image\">\n\t\t\t\t\t\t<img decoding=\"async\" width=\"200\" height=\"200\" src=\"https:\/\/clientes.jusanalytics.com.br\/professor\/wp-content\/uploads\/2025\/06\/CAPES-DOUTORADO-DIREITO-UFMS.png\" class=\"upk-img\" alt=\"CAPES aprova novo curso de Doutorado em Direito da UFMS\" srcset=\"https:\/\/clientes.jusanalytics.com.br\/professor\/wp-content\/uploads\/2025\/06\/CAPES-DOUTORADO-DIREITO-UFMS.png 200w, https:\/\/clientes.jusanalytics.com.br\/professor\/wp-content\/uploads\/2025\/06\/CAPES-DOUTORADO-DIREITO-UFMS-150x150.png 150w\" sizes=\"(max-width: 200px) 100vw, 200px\" \/>\t\t\t\t\t<\/div>\n\n\t\t\t\t\t\n\t\t\t\t<\/div>\n\n\t\t\t\t<div class=\"upk-content\">\n\t\t\t\t\t<div class=\"upk-content-inner\">\n\n\t\t\t\t\t\t\t\t\t\t\t\t\t<div class=\"upk-meta\">\n\t\t\t\t\t\t\t\t\n\t\t\t\t\t\t\t\t\t\t\t\t\t\t\t\t\t<div class=\"upk-blog-date\" data-separator=\"-\">\n\t\t\t\t\t\t\t\t\t\t<div class=\"upk-blog-date\">\n\t\t\t\t\t\t\t\t\t\t\t<a class=\"date\" href=\"#\">\n\t\t\t\t\t\t\t\t\t\t\t\t<i class=\"upk-icon-calendar\" aria-hidden=\"true\"><\/i>16 de junho de 2025\t\t\t\t\t\t\t\t\t\t\t<\/a>\n\t\t\t\t\t\t\t\t\t\t<\/div>\n\n\t\t\t\t\t\t\t\t\t\t\t\t\t\t\t\t\t\t\t<\/div>\n\t\t\t\t\t\t\t\t\n\t\t\t\t\t\t\t\t\n\t\t\t\t\t\t\t<\/div>\n\t\t\t\t\t\t\n\t\t\t\t\t\t<h3 class=\"upk-title\"><a href=\"https:\/\/clientes.jusanalytics.com.br\/professor\/2025\/06\/16\/capes-aprova-novo-curso-de-doutorado-em-direito-da-ufms\/\" title=\"CAPES aprova novo curso de Doutorado em Direito da UFMS\" class=\"title-animation-underline\" >CAPES aprova novo curso de Doutorado em Direito da UFMS<\/a><\/h3>\n\t\t\t\t\t\t\t\t\t\t\t<\/div>\n\t\t\t\t<\/div>\n\n\t\t\t<\/div>\n\t\t<\/div>\n\n\n\t\n\t\t\t\t\n\t\t\t\t\t\t\t<div class=\"upk-item\">\n\t\t\t<div class=\"upk-item-box\">\n\t\t\t\t<div class=\"upk-image-wrap\">\n\t\t\t\t\t<div class=\"upk-main-image\">\n\t\t\t\t\t\t<img decoding=\"async\" width=\"200\" height=\"200\" src=\"https:\/\/clientes.jusanalytics.com.br\/professor\/wp-content\/uploads\/2025\/05\/Design-sem-nome.png\" class=\"upk-img\" alt=\"OAB\/SP sente al\u00edvio com o veto Federal a cursos de Direito \u00e0 dist\u00e2ncia\" srcset=\"https:\/\/clientes.jusanalytics.com.br\/professor\/wp-content\/uploads\/2025\/05\/Design-sem-nome.png 200w, https:\/\/clientes.jusanalytics.com.br\/professor\/wp-content\/uploads\/2025\/05\/Design-sem-nome-150x150.png 150w\" sizes=\"(max-width: 200px) 100vw, 200px\" \/>\t\t\t\t\t<\/div>\n\n\t\t\t\t\t\n\t\t\t\t<\/div>\n\n\t\t\t\t<div class=\"upk-content\">\n\t\t\t\t\t<div class=\"upk-content-inner\">\n\n\t\t\t\t\t\t\t\t\t\t\t\t\t<div class=\"upk-meta\">\n\t\t\t\t\t\t\t\t\n\t\t\t\t\t\t\t\t\t\t\t\t\t\t\t\t\t<div class=\"upk-blog-date\" data-separator=\"-\">\n\t\t\t\t\t\t\t\t\t\t<div class=\"upk-blog-date\">\n\t\t\t\t\t\t\t\t\t\t\t<a class=\"date\" href=\"#\">\n\t\t\t\t\t\t\t\t\t\t\t\t<i class=\"upk-icon-calendar\" aria-hidden=\"true\"><\/i>26 de maio de 2025\t\t\t\t\t\t\t\t\t\t\t<\/a>\n\t\t\t\t\t\t\t\t\t\t<\/div>\n\n\t\t\t\t\t\t\t\t\t\t\t\t\t\t\t\t\t\t\t<\/div>\n\t\t\t\t\t\t\t\t\n\t\t\t\t\t\t\t\t\n\t\t\t\t\t\t\t<\/div>\n\t\t\t\t\t\t\n\t\t\t\t\t\t<h3 class=\"upk-title\"><a href=\"https:\/\/clientes.jusanalytics.com.br\/professor\/2025\/05\/26\/oab-sp-sente-alivio-com-o-veto-federal-a-cursos-de-direito-a-distancia\/\" title=\"OAB\/SP sente al\u00edvio com o veto Federal a cursos de Direito \u00e0 dist\u00e2ncia\" class=\"title-animation-underline\" >OAB\/SP sente al\u00edvio com o veto Federal a cursos de Direito \u00e0 dist\u00e2ncia<\/a><\/h3>\n\t\t\t\t\t\t\t\t\t\t\t<\/div>\n\t\t\t\t<\/div>\n\n\t\t\t<\/div>\n\t\t<\/div>\n\n\n\t\n\t\t\t\t\n\t\t\t\t\t\t\t<div class=\"upk-item\">\n\t\t\t<div class=\"upk-item-box\">\n\t\t\t\t<div class=\"upk-image-wrap\">\n\t\t\t\t\t<div class=\"upk-main-image\">\n\t\t\t\t\t\t<img loading=\"lazy\" decoding=\"async\" width=\"200\" height=\"200\" src=\"https:\/\/clientes.jusanalytics.com.br\/professor\/wp-content\/uploads\/2025\/05\/Design-sem-nome-2.png\" class=\"upk-img\" alt=\"Governo Federal regulamenta Nova Pol\u00edtica de Educa\u00e7\u00e3o a Dist\u00e2ncia\" srcset=\"https:\/\/clientes.jusanalytics.com.br\/professor\/wp-content\/uploads\/2025\/05\/Design-sem-nome-2.png 200w, https:\/\/clientes.jusanalytics.com.br\/professor\/wp-content\/uploads\/2025\/05\/Design-sem-nome-2-150x150.png 150w\" sizes=\"(max-width: 200px) 100vw, 200px\" \/>\t\t\t\t\t<\/div>\n\n\t\t\t\t\t\n\t\t\t\t<\/div>\n\n\t\t\t\t<div class=\"upk-content\">\n\t\t\t\t\t<div class=\"upk-content-inner\">\n\n\t\t\t\t\t\t\t\t\t\t\t\t\t<div class=\"upk-meta\">\n\t\t\t\t\t\t\t\t\n\t\t\t\t\t\t\t\t\t\t\t\t\t\t\t\t\t<div class=\"upk-blog-date\" data-separator=\"-\">\n\t\t\t\t\t\t\t\t\t\t<div class=\"upk-blog-date\">\n\t\t\t\t\t\t\t\t\t\t\t<a class=\"date\" href=\"#\">\n\t\t\t\t\t\t\t\t\t\t\t\t<i class=\"upk-icon-calendar\" aria-hidden=\"true\"><\/i>22 de maio de 2025\t\t\t\t\t\t\t\t\t\t\t<\/a>\n\t\t\t\t\t\t\t\t\t\t<\/div>\n\n\t\t\t\t\t\t\t\t\t\t\t\t\t\t\t\t\t\t\t<\/div>\n\t\t\t\t\t\t\t\t\n\t\t\t\t\t\t\t\t\n\t\t\t\t\t\t\t<\/div>\n\t\t\t\t\t\t\n\t\t\t\t\t\t<h3 class=\"upk-title\"><a href=\"https:\/\/clientes.jusanalytics.com.br\/professor\/2025\/05\/22\/governo-federal-regulamenta-nova-politica-de-educacao-a-distancia\/\" title=\"Governo Federal regulamenta Nova Pol\u00edtica de Educa\u00e7\u00e3o a Dist\u00e2ncia\" class=\"title-animation-underline\" >Governo Federal regulamenta Nova Pol\u00edtica de Educa\u00e7\u00e3o a Dist\u00e2ncia<\/a><\/h3>\n\t\t\t\t\t\t\t\t\t\t\t<\/div>\n\t\t\t\t<\/div>\n\n\t\t\t<\/div>\n\t\t<\/div>\n\n\n\t\n\t\t\t\t\n\t\t\t\t\t\t\t<div class=\"upk-item\">\n\t\t\t<div class=\"upk-item-box\">\n\t\t\t\t<div class=\"upk-image-wrap\">\n\t\t\t\t\t<div class=\"upk-main-image\">\n\t\t\t\t\t\t<img loading=\"lazy\" decoding=\"async\" width=\"200\" height=\"200\" src=\"https:\/\/clientes.jusanalytics.com.br\/professor\/wp-content\/uploads\/2025\/03\/Sem-nome-200-x-200-px-1.png\" class=\"upk-img\" alt=\"ODS 15 Vida Terrestre: O que voc\u00ea precisa saber?\" srcset=\"https:\/\/clientes.jusanalytics.com.br\/professor\/wp-content\/uploads\/2025\/03\/Sem-nome-200-x-200-px-1.png 200w, https:\/\/clientes.jusanalytics.com.br\/professor\/wp-content\/uploads\/2025\/03\/Sem-nome-200-x-200-px-1-150x150.png 150w\" sizes=\"(max-width: 200px) 100vw, 200px\" \/>\t\t\t\t\t<\/div>\n\n\t\t\t\t\t\n\t\t\t\t<\/div>\n\n\t\t\t\t<div class=\"upk-content\">\n\t\t\t\t\t<div class=\"upk-content-inner\">\n\n\t\t\t\t\t\t\t\t\t\t\t\t\t<div class=\"upk-meta\">\n\t\t\t\t\t\t\t\t\n\t\t\t\t\t\t\t\t\t\t\t\t\t\t\t\t\t<div class=\"upk-blog-date\" data-separator=\"-\">\n\t\t\t\t\t\t\t\t\t\t<div class=\"upk-blog-date\">\n\t\t\t\t\t\t\t\t\t\t\t<a class=\"date\" href=\"#\">\n\t\t\t\t\t\t\t\t\t\t\t\t<i class=\"upk-icon-calendar\" aria-hidden=\"true\"><\/i>19 de mar\u00e7o de 2025\t\t\t\t\t\t\t\t\t\t\t<\/a>\n\t\t\t\t\t\t\t\t\t\t<\/div>\n\n\t\t\t\t\t\t\t\t\t\t\t\t\t\t\t\t\t\t\t<\/div>\n\t\t\t\t\t\t\t\t\n\t\t\t\t\t\t\t\t\n\t\t\t\t\t\t\t<\/div>\n\t\t\t\t\t\t\n\t\t\t\t\t\t<h3 class=\"upk-title\"><a href=\"https:\/\/clientes.jusanalytics.com.br\/professor\/2025\/03\/19\/ods-15-vida-terrestre-o-que-voce-precisa-saber\/\" title=\"ODS 15 Vida Terrestre: O que voc\u00ea precisa saber?\" class=\"title-animation-underline\" >ODS 15 Vida Terrestre: O que voc\u00ea precisa saber?<\/a><\/h3>\n\t\t\t\t\t\t\t\t\t\t\t<\/div>\n\t\t\t\t<\/div>\n\n\t\t\t<\/div>\n\t\t<\/div>\n\n\n\t\n\t\t\t\t\n\t\t\t\t\t\t\t<div class=\"upk-item\">\n\t\t\t<div class=\"upk-item-box\">\n\t\t\t\t<div class=\"upk-image-wrap\">\n\t\t\t\t\t<div class=\"upk-main-image\">\n\t\t\t\t\t\t<img loading=\"lazy\" decoding=\"async\" width=\"200\" height=\"200\" src=\"https:\/\/clientes.jusanalytics.com.br\/professor\/wp-content\/uploads\/2025\/03\/Sem-nome-200-x-200-px.png\" class=\"upk-img\" alt=\"Pagamentos por Servi\u00e7os Ambientais mudam a vida das pessoas que mant\u00eam a floresta de p\u00e9\" srcset=\"https:\/\/clientes.jusanalytics.com.br\/professor\/wp-content\/uploads\/2025\/03\/Sem-nome-200-x-200-px.png 200w, https:\/\/clientes.jusanalytics.com.br\/professor\/wp-content\/uploads\/2025\/03\/Sem-nome-200-x-200-px-150x150.png 150w\" sizes=\"(max-width: 200px) 100vw, 200px\" \/>\t\t\t\t\t<\/div>\n\n\t\t\t\t\t\n\t\t\t\t<\/div>\n\n\t\t\t\t<div class=\"upk-content\">\n\t\t\t\t\t<div class=\"upk-content-inner\">\n\n\t\t\t\t\t\t\t\t\t\t\t\t\t<div class=\"upk-meta\">\n\t\t\t\t\t\t\t\t\n\t\t\t\t\t\t\t\t\t\t\t\t\t\t\t\t\t<div class=\"upk-blog-date\" data-separator=\"-\">\n\t\t\t\t\t\t\t\t\t\t<div class=\"upk-blog-date\">\n\t\t\t\t\t\t\t\t\t\t\t<a class=\"date\" href=\"#\">\n\t\t\t\t\t\t\t\t\t\t\t\t<i class=\"upk-icon-calendar\" aria-hidden=\"true\"><\/i>19 de mar\u00e7o de 2025\t\t\t\t\t\t\t\t\t\t\t<\/a>\n\t\t\t\t\t\t\t\t\t\t<\/div>\n\n\t\t\t\t\t\t\t\t\t\t\t\t\t\t\t\t\t\t\t<\/div>\n\t\t\t\t\t\t\t\t\n\t\t\t\t\t\t\t\t\n\t\t\t\t\t\t\t<\/div>\n\t\t\t\t\t\t\n\t\t\t\t\t\t<h3 class=\"upk-title\"><a href=\"https:\/\/clientes.jusanalytics.com.br\/professor\/2025\/03\/19\/pagamentos-por-servicos-ambientais-mudam-a-vida-das-pessoas-que-mantem-a-floresta-de-pe\/\" title=\"Pagamentos por Servi\u00e7os Ambientais mudam a vida das pessoas que mant\u00eam a floresta de p\u00e9\" class=\"title-animation-underline\" >Pagamentos por Servi\u00e7os Ambientais mudam a vida das pessoas que mant\u00eam a floresta de p\u00e9<\/a><\/h3>\n\t\t\t\t\t\t\t\t\t\t\t<\/div>\n\t\t\t\t<\/div>\n\n\t\t\t<\/div>\n\t\t<\/div>\n\n\n\t\n\t\t\t\t\t\t\t<\/div>\n\t\t<\/div>\n\n\t\t\t\t\t<div class=\"ep-pagination\">\n\t\t\t\t<ul class=\"upk-pagination\" data-widget-id=\"e470f70\" >\n<li class=\"upk-active\"><a href=\"https:\/\/clientes.jusanalytics.com.br\/professor\/wp-json\/wp\/v2\/pages\/6436\/\">1<\/a><\/li>\n<li><a href=\"https:\/\/clientes.jusanalytics.com.br\/professor\/wp-json\/wp\/v2\/pages\/6436\/page\/2\/\">2<\/a><\/li>\n<li><a href=\"https:\/\/clientes.jusanalytics.com.br\/professor\/wp-json\/wp\/v2\/pages\/6436\/page\/3\/\">3<\/a><\/li>\n<li class=\"upk-pagination-dot-dot\"><span>...<\/span><\/li>\n<li><a href=\"https:\/\/clientes.jusanalytics.com.br\/professor\/wp-json\/wp\/v2\/pages\/6436\/page\/27\/\">27<\/a><\/li>\n<li class=\"upk-pagination-next\"><a href=\"https:\/\/clientes.jusanalytics.com.br\/professor\/wp-json\/wp\/v2\/pages\/6436\/page\/2\/\"><span data-upk-pagination-next><i class=\"upk-icon-arrow-right-5\" aria-hidden=\"true\"><\/i><\/span><\/a><\/li>\n<\/ul>\n\t\t\t<\/div>\n\t\t\t\t<\/div>\n\t\t\t\t\t<\/div>\n\t\t\t\t<\/div>\n\t\t\t\t<\/div>\n\t\t","protected":false},"excerpt":{"rendered":"<p>Not\u00edcias 18 de junho de 2025 UFMS conquista o primeiro Doutorado em Direito do Mato Grosso do Sul! 16 de junho de 2025 CAPES aprova novo curso de Doutorado em Direito da UFMS 26 de maio de 2025 OAB\/SP sente al\u00edvio com o veto Federal a cursos de Direito \u00e0 dist\u00e2ncia 22 de maio de 2025 Governo Federal regulamenta Nova Pol\u00edtica de Educa\u00e7\u00e3o a Dist\u00e2ncia 19 de mar\u00e7o de 2025 ODS 15 Vida Terrestre: O que voc\u00ea precisa saber? 19 de mar\u00e7o de 2025 Pagamentos por Servi\u00e7os Ambientais mudam a vida das pessoas que mant\u00eam a floresta de p\u00e9 1 2 3 &#8230; 27<\/p>\n","protected":false},"author":1,"featured_media":0,"parent":0,"menu_order":0,"comment_status":"closed","ping_status":"closed","template":"elementor_header_footer","meta":{"site-sidebar-layout":"no-sidebar","site-content-layout":"","ast-site-content-layout":"full-width-container","site-content-style":"default","site-sidebar-style":"default","ast-global-header-display":"","ast-banner-title-visibility":"","ast-main-header-display":"","ast-hfb-above-header-display":"","ast-hfb-below-header-display":"","ast-hfb-mobile-header-display":"","site-post-title":"disabled","ast-breadcrumbs-content":"","ast-featured-img":"disabled","footer-sml-layout":"","theme-transparent-header-meta":"default","adv-header-id-meta":"","stick-header-meta":"","header-above-stick-meta":"","header-main-stick-meta":"","header-below-stick-meta":"","astra-migrate-meta-layouts":"set","ast-page-background-enabled":"default","ast-page-background-meta":{"desktop":{"background-color":"var(--ast-global-color-5)","background-image":"","background-repeat":"repeat","background-position":"center center","background-size":"auto","background-attachment":"scroll","background-type":"","background-media":"","overlay-type":"","overlay-color":"","overlay-opacity":"","overlay-gradient":""},"tablet":{"background-color":"","background-image":"","background-repeat":"repeat","background-position":"center center","background-size":"auto","background-attachment":"scroll","background-type":"","background-media":"","overlay-type":"","overlay-color":"","overlay-opacity":"","overlay-gradient":""},"mobile":{"background-color":"","background-image":"","background-repeat":"repeat","background-position":"center center","background-size":"auto","background-attachment":"scroll","background-type":"","background-media":"","overlay-type":"","overlay-color":"","overlay-opacity":"","overlay-gradient":""}},"ast-content-background-meta":{"desktop":{"background-color":"var(--ast-global-color-4)","background-image":"","background-repeat":"repeat","background-position":"center center","background-size":"auto","background-attachment":"scroll","background-type":"","background-media":"","overlay-type":"","overlay-color":"","overlay-opacity":"","overlay-gradient":""},"tablet":{"background-color":"var(--ast-global-color-4)","background-image":"","background-repeat":"repeat","background-position":"center center","background-size":"auto","background-attachment":"scroll","background-type":"","background-media":"","overlay-type":"","overlay-color":"","overlay-opacity":"","overlay-gradient":""},"mobile":{"background-color":"var(--ast-global-color-4)","background-image":"","background-repeat":"repeat","background-position":"center center","background-size":"auto","background-attachment":"scroll","background-type":"","background-media":"","overlay-type":"","overlay-color":"","overlay-opacity":"","overlay-gradient":""}},"footnotes":""},"class_list":["post-6436","page","type-page","status-publish","hentry"],"_links":{"self":[{"href":"https:\/\/clientes.jusanalytics.com.br\/professor\/wp-json\/wp\/v2\/pages\/6436","targetHints":{"allow":["GET"]}}],"collection":[{"href":"https:\/\/clientes.jusanalytics.com.br\/professor\/wp-json\/wp\/v2\/pages"}],"about":[{"href":"https:\/\/clientes.jusanalytics.com.br\/professor\/wp-json\/wp\/v2\/types\/page"}],"author":[{"embeddable":true,"href":"https:\/\/clientes.jusanalytics.com.br\/professor\/wp-json\/wp\/v2\/users\/1"}],"replies":[{"embeddable":true,"href":"https:\/\/clientes.jusanalytics.com.br\/professor\/wp-json\/wp\/v2\/comments?post=6436"}],"version-history":[{"count":4,"href":"https:\/\/clientes.jusanalytics.com.br\/professor\/wp-json\/wp\/v2\/pages\/6436\/revisions"}],"predecessor-version":[{"id":6440,"href":"https:\/\/clientes.jusanalytics.com.br\/professor\/wp-json\/wp\/v2\/pages\/6436\/revisions\/6440"}],"wp:attachment":[{"href":"https:\/\/clientes.jusanalytics.com.br\/professor\/wp-json\/wp\/v2\/media?parent=6436"}],"curies":[{"name":"wp","href":"https:\/\/api.w.org\/{rel}","templated":true}]}}