{"id":6428,"date":"2025-07-07T16:20:21","date_gmt":"2025-07-07T19:20:21","guid":{"rendered":"https:\/\/clientes.jusanalytics.com.br\/professor\/?page_id=6428"},"modified":"2025-07-07T16:50:09","modified_gmt":"2025-07-07T19:50:09","slug":"oportunidades","status":"publish","type":"page","link":"https:\/\/clientes.jusanalytics.com.br\/professor\/oportunidades\/","title":{"rendered":"Oportunidades"},"content":{"rendered":"\t\t<div data-elementor-type=\"wp-page\" data-elementor-id=\"6428\" class=\"elementor elementor-6428\">\n\t\t\t\t<div class=\"elementor-element elementor-element-3baca80 e-flex e-con-boxed wpr-particle-no wpr-jarallax-no wpr-parallax-no wpr-sticky-section-no e-con e-parent\" data-id=\"3baca80\" data-element_type=\"container\">\n\t\t\t\t\t<div class=\"e-con-inner\">\n\t\t\t\t<div class=\"elementor-element elementor-element-fb0c0d5 elementor-widget elementor-widget-heading\" data-id=\"fb0c0d5\" data-element_type=\"widget\" data-widget_type=\"heading.default\">\n\t\t\t\t\t<h2 class=\"elementor-heading-title elementor-size-default\">Oportunidades<\/h2>\t\t\t\t<\/div>\n\t\t\t\t\t<\/div>\n\t\t\t\t<\/div>\n\t\t<div class=\"elementor-element elementor-element-f958baa e-flex e-con-boxed wpr-particle-no wpr-jarallax-no wpr-parallax-no wpr-sticky-section-no e-con e-parent\" data-id=\"f958baa\" data-element_type=\"container\">\n\t\t\t\t\t<div class=\"e-con-inner\">\n\t\t\t\t<div class=\"elementor-element elementor-element-e470f70 elementor-widget elementor-widget-upk-maple-grid\" data-id=\"e470f70\" data-element_type=\"widget\" data-settings=\"{&quot;upk_in_animation_show&quot;:&quot;yes&quot;}\" data-widget_type=\"upk-maple-grid.default\">\n\t\t\t\t\t\t\t<div class=\"upk-maple-grid\">\n\t\t\t<div class=\"upk-post-grid upk-style-3 upk-in-animation\" data-in-animation-delay=\"\">\n\n\t\t\t\t\n\t\t\t\t\t\t\t<div class=\"upk-item\">\n\t\t\t<div class=\"upk-item-box\">\n\t\t\t\t<div class=\"upk-image-wrap\">\n\t\t\t\t\t<div class=\"upk-main-image\">\n\t\t\t\t\t\t<img decoding=\"async\" width=\"200\" height=\"200\" src=\"https:\/\/clientes.jusanalytics.com.br\/professor\/wp-content\/uploads\/2024\/10\/Design-sem-nome-3.png\" class=\"upk-img\" alt=\"ONU abre inscri\u00e7\u00f5es para Programa de Bolsas de Estudo sobre direitos humanos para pessoas afrodescendentes\" srcset=\"https:\/\/clientes.jusanalytics.com.br\/professor\/wp-content\/uploads\/2024\/10\/Design-sem-nome-3.png 200w, https:\/\/clientes.jusanalytics.com.br\/professor\/wp-content\/uploads\/2024\/10\/Design-sem-nome-3-150x150.png 150w\" sizes=\"(max-width: 200px) 100vw, 200px\" \/>\t\t\t\t\t<\/div>\n\n\t\t\t\t\t\n\t\t\t\t<\/div>\n\n\t\t\t\t<div class=\"upk-content\">\n\t\t\t\t\t<div class=\"upk-content-inner\">\n\n\t\t\t\t\t\t\t\t\t\t\t\t\t<div class=\"upk-meta\">\n\t\t\t\t\t\t\t\t\n\t\t\t\t\t\t\t\t\t\t\t\t\t\t\t\t\t<div class=\"upk-blog-date\" data-separator=\"-\">\n\t\t\t\t\t\t\t\t\t\t<div class=\"upk-blog-date\">\n\t\t\t\t\t\t\t\t\t\t\t<a class=\"date\" href=\"#\">\n\t\t\t\t\t\t\t\t\t\t\t\t<i class=\"upk-icon-calendar\" aria-hidden=\"true\"><\/i>12 de junho de 2025\t\t\t\t\t\t\t\t\t\t\t<\/a>\n\t\t\t\t\t\t\t\t\t\t<\/div>\n\n\t\t\t\t\t\t\t\t\t\t\t\t\t\t\t\t\t\t\t<\/div>\n\t\t\t\t\t\t\t\t\n\t\t\t\t\t\t\t\t\n\t\t\t\t\t\t\t<\/div>\n\t\t\t\t\t\t\n\t\t\t\t\t\t<h3 class=\"upk-title\"><a href=\"https:\/\/clientes.jusanalytics.com.br\/professor\/2025\/06\/12\/onu-abre-inscricoes-para-programa-de-bolsas-de-estudo-sobre-direitos-humanos-para-pessoas-afrodescendentes\/\" title=\"ONU abre inscri\u00e7\u00f5es para Programa de Bolsas de Estudo sobre direitos humanos para pessoas afrodescendentes\" class=\"title-animation-underline\" >ONU abre inscri\u00e7\u00f5es para Programa de Bolsas de Estudo sobre direitos humanos para pessoas afrodescendentes<\/a><\/h3>\n\t\t\t\t\t\t\t\t\t\t\t<\/div>\n\t\t\t\t<\/div>\n\n\t\t\t<\/div>\n\t\t<\/div>\n\n\n\t\n\t\t\t\t\n\t\t\t\t\t\t\t<div class=\"upk-item\">\n\t\t\t<div class=\"upk-item-box\">\n\t\t\t\t<div class=\"upk-image-wrap\">\n\t\t\t\t\t<div class=\"upk-main-image\">\n\t\t\t\t\t\t<img decoding=\"async\" width=\"200\" height=\"200\" src=\"https:\/\/clientes.jusanalytics.com.br\/professor\/wp-content\/uploads\/2024\/08\/Design-sem-nome-5.png\" class=\"upk-img\" alt=\"Chamada de Resumos Expandidos, P\u00f4steres e Artigos para os Congressos\" srcset=\"https:\/\/clientes.jusanalytics.com.br\/professor\/wp-content\/uploads\/2024\/08\/Design-sem-nome-5.png 200w, https:\/\/clientes.jusanalytics.com.br\/professor\/wp-content\/uploads\/2024\/08\/Design-sem-nome-5-150x150.png 150w\" sizes=\"(max-width: 200px) 100vw, 200px\" \/>\t\t\t\t\t<\/div>\n\n\t\t\t\t\t\n\t\t\t\t<\/div>\n\n\t\t\t\t<div class=\"upk-content\">\n\t\t\t\t\t<div class=\"upk-content-inner\">\n\n\t\t\t\t\t\t\t\t\t\t\t\t\t<div class=\"upk-meta\">\n\t\t\t\t\t\t\t\t\n\t\t\t\t\t\t\t\t\t\t\t\t\t\t\t\t\t<div class=\"upk-blog-date\" data-separator=\"-\">\n\t\t\t\t\t\t\t\t\t\t<div class=\"upk-blog-date\">\n\t\t\t\t\t\t\t\t\t\t\t<a class=\"date\" href=\"#\">\n\t\t\t\t\t\t\t\t\t\t\t\t<i class=\"upk-icon-calendar\" aria-hidden=\"true\"><\/i>11 de abril de 2025\t\t\t\t\t\t\t\t\t\t\t<\/a>\n\t\t\t\t\t\t\t\t\t\t<\/div>\n\n\t\t\t\t\t\t\t\t\t\t\t\t\t\t\t\t\t\t\t<\/div>\n\t\t\t\t\t\t\t\t\n\t\t\t\t\t\t\t\t\n\t\t\t\t\t\t\t<\/div>\n\t\t\t\t\t\t\n\t\t\t\t\t\t<h3 class=\"upk-title\"><a href=\"https:\/\/clientes.jusanalytics.com.br\/professor\/2025\/04\/11\/chamada-de-resumos-expandidos-posteres-e-artigos-para-os-congressos\/\" title=\"Chamada de Resumos Expandidos, P\u00f4steres e Artigos para os Congressos\" class=\"title-animation-underline\" >Chamada de Resumos Expandidos, P\u00f4steres e Artigos para os Congressos<\/a><\/h3>\n\t\t\t\t\t\t\t\t\t\t\t<\/div>\n\t\t\t\t<\/div>\n\n\t\t\t<\/div>\n\t\t<\/div>\n\n\n\t\n\t\t\t\t\n\t\t\t\t\t\t\t<div class=\"upk-item\">\n\t\t\t<div class=\"upk-item-box\">\n\t\t\t\t<div class=\"upk-image-wrap\">\n\t\t\t\t\t<div class=\"upk-main-image\">\n\t\t\t\t\t\t<img decoding=\"async\" width=\"200\" height=\"200\" src=\"https:\/\/clientes.jusanalytics.com.br\/professor\/wp-content\/uploads\/2025\/03\/Design-sem-nome-13.png\" class=\"upk-img\" alt=\"Centro Universit\u00e1rio de Bras\u00edlia abre chamada para P\u00f3s-Doutorado\" srcset=\"https:\/\/clientes.jusanalytics.com.br\/professor\/wp-content\/uploads\/2025\/03\/Design-sem-nome-13.png 200w, https:\/\/clientes.jusanalytics.com.br\/professor\/wp-content\/uploads\/2025\/03\/Design-sem-nome-13-150x150.png 150w\" sizes=\"(max-width: 200px) 100vw, 200px\" \/>\t\t\t\t\t<\/div>\n\n\t\t\t\t\t\n\t\t\t\t<\/div>\n\n\t\t\t\t<div class=\"upk-content\">\n\t\t\t\t\t<div class=\"upk-content-inner\">\n\n\t\t\t\t\t\t\t\t\t\t\t\t\t<div class=\"upk-meta\">\n\t\t\t\t\t\t\t\t\n\t\t\t\t\t\t\t\t\t\t\t\t\t\t\t\t\t<div class=\"upk-blog-date\" data-separator=\"-\">\n\t\t\t\t\t\t\t\t\t\t<div class=\"upk-blog-date\">\n\t\t\t\t\t\t\t\t\t\t\t<a class=\"date\" href=\"#\">\n\t\t\t\t\t\t\t\t\t\t\t\t<i class=\"upk-icon-calendar\" aria-hidden=\"true\"><\/i>12 de mar\u00e7o de 2025\t\t\t\t\t\t\t\t\t\t\t<\/a>\n\t\t\t\t\t\t\t\t\t\t<\/div>\n\n\t\t\t\t\t\t\t\t\t\t\t\t\t\t\t\t\t\t\t<\/div>\n\t\t\t\t\t\t\t\t\n\t\t\t\t\t\t\t\t\n\t\t\t\t\t\t\t<\/div>\n\t\t\t\t\t\t\n\t\t\t\t\t\t<h3 class=\"upk-title\"><a href=\"https:\/\/clientes.jusanalytics.com.br\/professor\/2025\/03\/12\/centro-universitario-de-brasilia-abre-chamada-para-pos-doutorado\/\" title=\"Centro Universit\u00e1rio de Bras\u00edlia abre chamada para P\u00f3s-Doutorado\" class=\"title-animation-underline\" >Centro Universit\u00e1rio de Bras\u00edlia abre chamada para P\u00f3s-Doutorado<\/a><\/h3>\n\t\t\t\t\t\t\t\t\t\t\t<\/div>\n\t\t\t\t<\/div>\n\n\t\t\t<\/div>\n\t\t<\/div>\n\n\n\t\n\t\t\t\t\n\t\t\t\t\t\t\t<div class=\"upk-item\">\n\t\t\t<div class=\"upk-item-box\">\n\t\t\t\t<div class=\"upk-image-wrap\">\n\t\t\t\t\t<div class=\"upk-main-image\">\n\t\t\t\t\t\t<img loading=\"lazy\" decoding=\"async\" width=\"200\" height=\"200\" src=\"https:\/\/clientes.jusanalytics.com.br\/professor\/wp-content\/uploads\/2025\/02\/Sem-nome-200-x-200-px-2.png\" class=\"upk-img\" alt=\"O processo de inscri\u00e7\u00e3o para o Programa de Bolsas de Estudos em Direito Internacional das Na\u00e7\u00f5es Unidas (2025) est\u00e1 aberto\" srcset=\"https:\/\/clientes.jusanalytics.com.br\/professor\/wp-content\/uploads\/2025\/02\/Sem-nome-200-x-200-px-2.png 200w, https:\/\/clientes.jusanalytics.com.br\/professor\/wp-content\/uploads\/2025\/02\/Sem-nome-200-x-200-px-2-150x150.png 150w\" sizes=\"(max-width: 200px) 100vw, 200px\" \/>\t\t\t\t\t<\/div>\n\n\t\t\t\t\t\n\t\t\t\t<\/div>\n\n\t\t\t\t<div class=\"upk-content\">\n\t\t\t\t\t<div class=\"upk-content-inner\">\n\n\t\t\t\t\t\t\t\t\t\t\t\t\t<div class=\"upk-meta\">\n\t\t\t\t\t\t\t\t\n\t\t\t\t\t\t\t\t\t\t\t\t\t\t\t\t\t<div class=\"upk-blog-date\" data-separator=\"-\">\n\t\t\t\t\t\t\t\t\t\t<div class=\"upk-blog-date\">\n\t\t\t\t\t\t\t\t\t\t\t<a class=\"date\" href=\"#\">\n\t\t\t\t\t\t\t\t\t\t\t\t<i class=\"upk-icon-calendar\" aria-hidden=\"true\"><\/i>6 de fevereiro de 2025\t\t\t\t\t\t\t\t\t\t\t<\/a>\n\t\t\t\t\t\t\t\t\t\t<\/div>\n\n\t\t\t\t\t\t\t\t\t\t\t\t\t\t\t\t\t\t\t<\/div>\n\t\t\t\t\t\t\t\t\n\t\t\t\t\t\t\t\t\n\t\t\t\t\t\t\t<\/div>\n\t\t\t\t\t\t\n\t\t\t\t\t\t<h3 class=\"upk-title\"><a href=\"https:\/\/clientes.jusanalytics.com.br\/professor\/2025\/02\/06\/o-processo-de-inscricao-para-o-programa-de-bolsas-de-estudos-em-direito-internacional-das-nacoes-unidas-2025-esta-aberto\/\" title=\"O processo de inscri\u00e7\u00e3o para o Programa de Bolsas de Estudos em Direito Internacional das Na\u00e7\u00f5es Unidas (2025) est\u00e1 aberto\" class=\"title-animation-underline\" >O processo de inscri\u00e7\u00e3o para o Programa de Bolsas de Estudos em Direito Internacional das Na\u00e7\u00f5es Unidas (2025) est\u00e1 aberto<\/a><\/h3>\n\t\t\t\t\t\t\t\t\t\t\t<\/div>\n\t\t\t\t<\/div>\n\n\t\t\t<\/div>\n\t\t<\/div>\n\n\n\t\n\t\t\t\t\n\t\t\t\t\t\t\t<div class=\"upk-item\">\n\t\t\t<div class=\"upk-item-box\">\n\t\t\t\t<div class=\"upk-image-wrap\">\n\t\t\t\t\t<div class=\"upk-main-image\">\n\t\t\t\t\t\t<img loading=\"lazy\" decoding=\"async\" width=\"200\" height=\"200\" src=\"https:\/\/clientes.jusanalytics.com.br\/professor\/wp-content\/uploads\/2025\/01\/Design-sem-nome-1.png\" class=\"upk-img\" alt=\"A Universidade Federal da Fronteira Sul anuncia Concurso P\u00fablico para professores\" srcset=\"https:\/\/clientes.jusanalytics.com.br\/professor\/wp-content\/uploads\/2025\/01\/Design-sem-nome-1.png 200w, https:\/\/clientes.jusanalytics.com.br\/professor\/wp-content\/uploads\/2025\/01\/Design-sem-nome-1-150x150.png 150w\" sizes=\"(max-width: 200px) 100vw, 200px\" \/>\t\t\t\t\t<\/div>\n\n\t\t\t\t\t\n\t\t\t\t<\/div>\n\n\t\t\t\t<div class=\"upk-content\">\n\t\t\t\t\t<div class=\"upk-content-inner\">\n\n\t\t\t\t\t\t\t\t\t\t\t\t\t<div class=\"upk-meta\">\n\t\t\t\t\t\t\t\t\n\t\t\t\t\t\t\t\t\t\t\t\t\t\t\t\t\t<div class=\"upk-blog-date\" data-separator=\"-\">\n\t\t\t\t\t\t\t\t\t\t<div class=\"upk-blog-date\">\n\t\t\t\t\t\t\t\t\t\t\t<a class=\"date\" href=\"#\">\n\t\t\t\t\t\t\t\t\t\t\t\t<i class=\"upk-icon-calendar\" aria-hidden=\"true\"><\/i>8 de janeiro de 2025\t\t\t\t\t\t\t\t\t\t\t<\/a>\n\t\t\t\t\t\t\t\t\t\t<\/div>\n\n\t\t\t\t\t\t\t\t\t\t\t\t\t\t\t\t\t\t\t<\/div>\n\t\t\t\t\t\t\t\t\n\t\t\t\t\t\t\t\t\n\t\t\t\t\t\t\t<\/div>\n\t\t\t\t\t\t\n\t\t\t\t\t\t<h3 class=\"upk-title\"><a href=\"https:\/\/clientes.jusanalytics.com.br\/professor\/2025\/01\/08\/a-universidade-federal-da-fronteira-sul-anuncia-concurso-publico-para-professores\/\" title=\"A Universidade Federal da Fronteira Sul anuncia Concurso P\u00fablico para professores\" class=\"title-animation-underline\" >A Universidade Federal da Fronteira Sul anuncia Concurso P\u00fablico para professores<\/a><\/h3>\n\t\t\t\t\t\t\t\t\t\t\t<\/div>\n\t\t\t\t<\/div>\n\n\t\t\t<\/div>\n\t\t<\/div>\n\n\n\t\n\t\t\t\t\n\t\t\t\t\t\t\t<div class=\"upk-item\">\n\t\t\t<div class=\"upk-item-box\">\n\t\t\t\t<div class=\"upk-image-wrap\">\n\t\t\t\t\t<div class=\"upk-main-image\">\n\t\t\t\t\t\t<img loading=\"lazy\" decoding=\"async\" width=\"300\" height=\"296\" src=\"https:\/\/clientes.jusanalytics.com.br\/professor\/wp-content\/uploads\/2025\/01\/WhatsApp-Image-2025-01-02-at-10.32.20-300x296.jpeg\" class=\"upk-img\" alt=\"INSCRI\u00c7\u00d5ES ABERTAS \u2013 Programa de Mestrado Interinstitucional em Direito Pol\u00edtico e Econ\u00f4mico \u2013 UPM\/UFMS\/FUNDECT\" srcset=\"https:\/\/clientes.jusanalytics.com.br\/professor\/wp-content\/uploads\/2025\/01\/WhatsApp-Image-2025-01-02-at-10.32.20-300x296.jpeg 300w, https:\/\/clientes.jusanalytics.com.br\/professor\/wp-content\/uploads\/2025\/01\/WhatsApp-Image-2025-01-02-at-10.32.20-768x759.jpeg 768w, https:\/\/clientes.jusanalytics.com.br\/professor\/wp-content\/uploads\/2025\/01\/WhatsApp-Image-2025-01-02-at-10.32.20.jpeg 828w\" sizes=\"(max-width: 300px) 100vw, 300px\" \/>\t\t\t\t\t<\/div>\n\n\t\t\t\t\t\n\t\t\t\t<\/div>\n\n\t\t\t\t<div class=\"upk-content\">\n\t\t\t\t\t<div class=\"upk-content-inner\">\n\n\t\t\t\t\t\t\t\t\t\t\t\t\t<div class=\"upk-meta\">\n\t\t\t\t\t\t\t\t\n\t\t\t\t\t\t\t\t\t\t\t\t\t\t\t\t\t<div class=\"upk-blog-date\" data-separator=\"-\">\n\t\t\t\t\t\t\t\t\t\t<div class=\"upk-blog-date\">\n\t\t\t\t\t\t\t\t\t\t\t<a class=\"date\" href=\"#\">\n\t\t\t\t\t\t\t\t\t\t\t\t<i class=\"upk-icon-calendar\" aria-hidden=\"true\"><\/i>2 de janeiro de 2025\t\t\t\t\t\t\t\t\t\t\t<\/a>\n\t\t\t\t\t\t\t\t\t\t<\/div>\n\n\t\t\t\t\t\t\t\t\t\t\t\t\t\t\t\t\t\t\t<\/div>\n\t\t\t\t\t\t\t\t\n\t\t\t\t\t\t\t\t\n\t\t\t\t\t\t\t<\/div>\n\t\t\t\t\t\t\n\t\t\t\t\t\t<h3 class=\"upk-title\"><a href=\"https:\/\/clientes.jusanalytics.com.br\/professor\/2025\/01\/02\/inscricoes-abertas-programa-de-mestrado-interinstitucional-em-direito-politico-e-economico-upm-ufms-fundect\/\" title=\"INSCRI\u00c7\u00d5ES ABERTAS \u2013 Programa de Mestrado Interinstitucional em Direito Pol\u00edtico e Econ\u00f4mico \u2013 UPM\/UFMS\/FUNDECT\" class=\"title-animation-underline\" >INSCRI\u00c7\u00d5ES ABERTAS \u2013 Programa de Mestrado Interinstitucional em Direito Pol\u00edtico e Econ\u00f4mico \u2013 UPM\/UFMS\/FUNDECT<\/a><\/h3>\n\t\t\t\t\t\t\t\t\t\t\t<\/div>\n\t\t\t\t<\/div>\n\n\t\t\t<\/div>\n\t\t<\/div>\n\n\n\t\n\t\t\t\t\t\t\t<\/div>\n\t\t<\/div>\n\n\t\t\t\t\t<div class=\"ep-pagination\">\n\t\t\t\t<ul class=\"upk-pagination\" data-widget-id=\"e470f70\" >\n<li class=\"upk-active\"><a href=\"https:\/\/clientes.jusanalytics.com.br\/professor\/wp-json\/wp\/v2\/pages\/6428\/\">1<\/a><\/li>\n<li><a href=\"https:\/\/clientes.jusanalytics.com.br\/professor\/wp-json\/wp\/v2\/pages\/6428\/page\/2\/\">2<\/a><\/li>\n<li><a href=\"https:\/\/clientes.jusanalytics.com.br\/professor\/wp-json\/wp\/v2\/pages\/6428\/page\/3\/\">3<\/a><\/li>\n<li class=\"upk-pagination-dot-dot\"><span>...<\/span><\/li>\n<li><a href=\"https:\/\/clientes.jusanalytics.com.br\/professor\/wp-json\/wp\/v2\/pages\/6428\/page\/30\/\">30<\/a><\/li>\n<li class=\"upk-pagination-next\"><a href=\"https:\/\/clientes.jusanalytics.com.br\/professor\/wp-json\/wp\/v2\/pages\/6428\/page\/2\/\"><span data-upk-pagination-next><i class=\"upk-icon-arrow-right-5\" aria-hidden=\"true\"><\/i><\/span><\/a><\/li>\n<\/ul>\n\t\t\t<\/div>\n\t\t\t\t<\/div>\n\t\t\t\t\t<\/div>\n\t\t\t\t<\/div>\n\t\t\t\t<\/div>\n\t\t","protected":false},"excerpt":{"rendered":"<p>Oportunidades 12 de junho de 2025 ONU abre inscri\u00e7\u00f5es para Programa de Bolsas de Estudo sobre direitos humanos para pessoas afrodescendentes 11 de abril de 2025 Chamada de Resumos Expandidos, P\u00f4steres e Artigos para os Congressos 12 de mar\u00e7o de 2025 Centro Universit\u00e1rio de Bras\u00edlia abre chamada para P\u00f3s-Doutorado 6 de fevereiro de 2025 O processo de inscri\u00e7\u00e3o para o Programa de Bolsas de Estudos em Direito Internacional das Na\u00e7\u00f5es Unidas (2025) est\u00e1 aberto 8 de janeiro de 2025 A Universidade Federal da Fronteira Sul anuncia Concurso P\u00fablico para professores 2 de janeiro de 2025 INSCRI\u00c7\u00d5ES ABERTAS \u2013 Programa de Mestrado Interinstitucional em Direito Pol\u00edtico e Econ\u00f4mico \u2013 UPM\/UFMS\/FUNDECT 1 2 3 &#8230; 30<\/p>\n","protected":false},"author":1,"featured_media":0,"parent":0,"menu_order":0,"comment_status":"closed","ping_status":"closed","template":"elementor_header_footer","meta":{"site-sidebar-layout":"no-sidebar","site-content-layout":"","ast-site-content-layout":"full-width-container","site-content-style":"default","site-sidebar-style":"default","ast-global-header-display":"","ast-banner-title-visibility":"","ast-main-header-display":"","ast-hfb-above-header-display":"","ast-hfb-below-header-display":"","ast-hfb-mobile-header-display":"","site-post-title":"disabled","ast-breadcrumbs-content":"","ast-featured-img":"disabled","footer-sml-layout":"","theme-transparent-header-meta":"default","adv-header-id-meta":"","stick-header-meta":"","header-above-stick-meta":"","header-main-stick-meta":"","header-below-stick-meta":"","astra-migrate-meta-layouts":"set","ast-page-background-enabled":"default","ast-page-background-meta":{"desktop":{"background-color":"var(--ast-global-color-5)","background-image":"","background-repeat":"repeat","background-position":"center center","background-size":"auto","background-attachment":"scroll","background-type":"","background-media":"","overlay-type":"","overlay-color":"","overlay-opacity":"","overlay-gradient":""},"tablet":{"background-color":"","background-image":"","background-repeat":"repeat","background-position":"center center","background-size":"auto","background-attachment":"scroll","background-type":"","background-media":"","overlay-type":"","overlay-color":"","overlay-opacity":"","overlay-gradient":""},"mobile":{"background-color":"","background-image":"","background-repeat":"repeat","background-position":"center center","background-size":"auto","background-attachment":"scroll","background-type":"","background-media":"","overlay-type":"","overlay-color":"","overlay-opacity":"","overlay-gradient":""}},"ast-content-background-meta":{"desktop":{"background-color":"var(--ast-global-color-4)","background-image":"","background-repeat":"repeat","background-position":"center center","background-size":"auto","background-attachment":"scroll","background-type":"","background-media":"","overlay-type":"","overlay-color":"","overlay-opacity":"","overlay-gradient":""},"tablet":{"background-color":"var(--ast-global-color-4)","background-image":"","background-repeat":"repeat","background-position":"center center","background-size":"auto","background-attachment":"scroll","background-type":"","background-media":"","overlay-type":"","overlay-color":"","overlay-opacity":"","overlay-gradient":""},"mobile":{"background-color":"var(--ast-global-color-4)","background-image":"","background-repeat":"repeat","background-position":"center center","background-size":"auto","background-attachment":"scroll","background-type":"","background-media":"","overlay-type":"","overlay-color":"","overlay-opacity":"","overlay-gradient":""}},"footnotes":""},"class_list":["post-6428","page","type-page","status-publish","hentry"],"_links":{"self":[{"href":"https:\/\/clientes.jusanalytics.com.br\/professor\/wp-json\/wp\/v2\/pages\/6428","targetHints":{"allow":["GET"]}}],"collection":[{"href":"https:\/\/clientes.jusanalytics.com.br\/professor\/wp-json\/wp\/v2\/pages"}],"about":[{"href":"https:\/\/clientes.jusanalytics.com.br\/professor\/wp-json\/wp\/v2\/types\/page"}],"author":[{"embeddable":true,"href":"https:\/\/clientes.jusanalytics.com.br\/professor\/wp-json\/wp\/v2\/users\/1"}],"replies":[{"embeddable":true,"href":"https:\/\/clientes.jusanalytics.com.br\/professor\/wp-json\/wp\/v2\/comments?post=6428"}],"version-history":[{"count":7,"href":"https:\/\/clientes.jusanalytics.com.br\/professor\/wp-json\/wp\/v2\/pages\/6428\/revisions"}],"predecessor-version":[{"id":6435,"href":"https:\/\/clientes.jusanalytics.com.br\/professor\/wp-json\/wp\/v2\/pages\/6428\/revisions\/6435"}],"wp:attachment":[{"href":"https:\/\/clientes.jusanalytics.com.br\/professor\/wp-json\/wp\/v2\/media?parent=6428"}],"curies":[{"name":"wp","href":"https:\/\/api.w.org\/{rel}","templated":true}]}}