{"id":6418,"date":"2025-07-07T16:02:00","date_gmt":"2025-07-07T19:02:00","guid":{"rendered":"https:\/\/clientes.jusanalytics.com.br\/professor\/?page_id=6418"},"modified":"2025-07-07T16:17:52","modified_gmt":"2025-07-07T19:17:52","slug":"artigos","status":"publish","type":"page","link":"https:\/\/clientes.jusanalytics.com.br\/professor\/artigos\/","title":{"rendered":"Artigos"},"content":{"rendered":"\t\t<div data-elementor-type=\"wp-page\" data-elementor-id=\"6418\" class=\"elementor elementor-6418\">\n\t\t\t\t<div class=\"elementor-element elementor-element-3baca80 e-flex e-con-boxed wpr-particle-no wpr-jarallax-no wpr-parallax-no wpr-sticky-section-no e-con e-parent\" data-id=\"3baca80\" data-element_type=\"container\">\n\t\t\t\t\t<div class=\"e-con-inner\">\n\t\t\t\t<div class=\"elementor-element elementor-element-fb0c0d5 elementor-widget elementor-widget-heading\" data-id=\"fb0c0d5\" data-element_type=\"widget\" data-widget_type=\"heading.default\">\n\t\t\t\t\t<h2 class=\"elementor-heading-title elementor-size-default\">Artigos<\/h2>\t\t\t\t<\/div>\n\t\t\t\t\t<\/div>\n\t\t\t\t<\/div>\n\t\t<div class=\"elementor-element elementor-element-f958baa e-flex e-con-boxed wpr-particle-no wpr-jarallax-no wpr-parallax-no wpr-sticky-section-no e-con e-parent\" data-id=\"f958baa\" data-element_type=\"container\">\n\t\t\t\t\t<div class=\"e-con-inner\">\n\t\t\t\t<div class=\"elementor-element elementor-element-e470f70 elementor-widget elementor-widget-upk-maple-grid\" data-id=\"e470f70\" data-element_type=\"widget\" data-settings=\"{&quot;upk_in_animation_show&quot;:&quot;yes&quot;}\" data-widget_type=\"upk-maple-grid.default\">\n\t\t\t\t\t\t\t<div class=\"upk-maple-grid\">\n\t\t\t<div class=\"upk-post-grid upk-style-3 upk-in-animation\" data-in-animation-delay=\"\">\n\n\t\t\t\t\n\t\t\t\t\t\t\t<div class=\"upk-item\">\n\t\t\t<div class=\"upk-item-box\">\n\t\t\t\t<div class=\"upk-image-wrap\">\n\t\t\t\t\t<div class=\"upk-main-image\">\n\t\t\t\t\t\t<img decoding=\"async\" width=\"200\" height=\"200\" src=\"https:\/\/clientes.jusanalytics.com.br\/professor\/wp-content\/uploads\/2025\/03\/Design-sem-nome.png\" class=\"upk-img\" alt=\"O Estatuto do Pantanal: Desafios e Especificidades de um ambiente em constante modifica\u00e7\u00e3o\" srcset=\"https:\/\/clientes.jusanalytics.com.br\/professor\/wp-content\/uploads\/2025\/03\/Design-sem-nome.png 200w, https:\/\/clientes.jusanalytics.com.br\/professor\/wp-content\/uploads\/2025\/03\/Design-sem-nome-150x150.png 150w\" sizes=\"(max-width: 200px) 100vw, 200px\" \/>\t\t\t\t\t<\/div>\n\n\t\t\t\t\t\n\t\t\t\t<\/div>\n\n\t\t\t\t<div class=\"upk-content\">\n\t\t\t\t\t<div class=\"upk-content-inner\">\n\n\t\t\t\t\t\t\t\t\t\t\t\t\t<div class=\"upk-meta\">\n\t\t\t\t\t\t\t\t\n\t\t\t\t\t\t\t\t\t\t\t\t\t\t\t\t\t<div class=\"upk-blog-date\" data-separator=\"-\">\n\t\t\t\t\t\t\t\t\t\t<div class=\"upk-blog-date\">\n\t\t\t\t\t\t\t\t\t\t\t<a class=\"date\" href=\"#\">\n\t\t\t\t\t\t\t\t\t\t\t\t<i class=\"upk-icon-calendar\" aria-hidden=\"true\"><\/i>26 de mar\u00e7o de 2025\t\t\t\t\t\t\t\t\t\t\t<\/a>\n\t\t\t\t\t\t\t\t\t\t<\/div>\n\n\t\t\t\t\t\t\t\t\t\t\t\t\t\t\t\t\t\t\t<\/div>\n\t\t\t\t\t\t\t\t\n\t\t\t\t\t\t\t\t\n\t\t\t\t\t\t\t<\/div>\n\t\t\t\t\t\t\n\t\t\t\t\t\t<h3 class=\"upk-title\"><a href=\"https:\/\/clientes.jusanalytics.com.br\/professor\/2025\/03\/26\/o-estatuto-do-pantanal-desafios-e-especificidades-de-um-ambiente-em-constante-modificacao\/\" title=\"O Estatuto do Pantanal: Desafios e Especificidades de um ambiente em constante modifica\u00e7\u00e3o\" class=\"title-animation-underline\" >O Estatuto do Pantanal: Desafios e Especificidades de um ambiente em constante modifica\u00e7\u00e3o<\/a><\/h3>\n\t\t\t\t\t\t\t\t\t\t\t<\/div>\n\t\t\t\t<\/div>\n\n\t\t\t<\/div>\n\t\t<\/div>\n\n\n\t\n\t\t\t\t\n\t\t\t\t\t\t\t<div class=\"upk-item\">\n\t\t\t<div class=\"upk-item-box\">\n\t\t\t\t<div class=\"upk-image-wrap\">\n\t\t\t\t\t<div class=\"upk-main-image\">\n\t\t\t\t\t\t<img decoding=\"async\" width=\"200\" height=\"200\" src=\"https:\/\/clientes.jusanalytics.com.br\/professor\/wp-content\/uploads\/2020\/08\/Design-sem-nome-23.png\" class=\"upk-img\" alt=\"A pandemia da Covid-19 e a rela\u00e7\u00e3o homem-natureza\" srcset=\"https:\/\/clientes.jusanalytics.com.br\/professor\/wp-content\/uploads\/2020\/08\/Design-sem-nome-23.png 200w, https:\/\/clientes.jusanalytics.com.br\/professor\/wp-content\/uploads\/2020\/08\/Design-sem-nome-23-150x150.png 150w\" sizes=\"(max-width: 200px) 100vw, 200px\" \/>\t\t\t\t\t<\/div>\n\n\t\t\t\t\t\n\t\t\t\t<\/div>\n\n\t\t\t\t<div class=\"upk-content\">\n\t\t\t\t\t<div class=\"upk-content-inner\">\n\n\t\t\t\t\t\t\t\t\t\t\t\t\t<div class=\"upk-meta\">\n\t\t\t\t\t\t\t\t\n\t\t\t\t\t\t\t\t\t\t\t\t\t\t\t\t\t<div class=\"upk-blog-date\" data-separator=\"-\">\n\t\t\t\t\t\t\t\t\t\t<div class=\"upk-blog-date\">\n\t\t\t\t\t\t\t\t\t\t\t<a class=\"date\" href=\"#\">\n\t\t\t\t\t\t\t\t\t\t\t\t<i class=\"upk-icon-calendar\" aria-hidden=\"true\"><\/i>27 de agosto de 2020\t\t\t\t\t\t\t\t\t\t\t<\/a>\n\t\t\t\t\t\t\t\t\t\t<\/div>\n\n\t\t\t\t\t\t\t\t\t\t\t\t\t\t\t\t\t\t\t<\/div>\n\t\t\t\t\t\t\t\t\n\t\t\t\t\t\t\t\t\n\t\t\t\t\t\t\t<\/div>\n\t\t\t\t\t\t\n\t\t\t\t\t\t<h3 class=\"upk-title\"><a href=\"https:\/\/clientes.jusanalytics.com.br\/professor\/2020\/08\/27\/a-pandemia-da-covid-19-e-a-relacao-homem-natureza\/\" title=\"A pandemia da Covid-19 e a rela\u00e7\u00e3o homem-natureza\" class=\"title-animation-underline\" >A pandemia da Covid-19 e a rela\u00e7\u00e3o homem-natureza<\/a><\/h3>\n\t\t\t\t\t\t\t\t\t\t\t<\/div>\n\t\t\t\t<\/div>\n\n\t\t\t<\/div>\n\t\t<\/div>\n\n\n\t\n\t\t\t\t\n\t\t\t\t\t\t\t<div class=\"upk-item\">\n\t\t\t<div class=\"upk-item-box\">\n\t\t\t\t<div class=\"upk-image-wrap\">\n\t\t\t\t\t<div class=\"upk-main-image\">\n\t\t\t\t\t\t<img fetchpriority=\"high\" decoding=\"async\" width=\"300\" height=\"300\" src=\"https:\/\/clientes.jusanalytics.com.br\/professor\/wp-content\/uploads\/2023\/05\/virus.jpg\" class=\"upk-img\" alt=\"Pandemia do Coronav\u00edrus no m\u00eas do Consumidor: Como solucionar conflitos relacionados ao direito do consumidor?\" srcset=\"https:\/\/clientes.jusanalytics.com.br\/professor\/wp-content\/uploads\/2023\/05\/virus.jpg 300w, https:\/\/clientes.jusanalytics.com.br\/professor\/wp-content\/uploads\/2023\/05\/virus-150x150.jpg 150w\" sizes=\"(max-width: 300px) 100vw, 300px\" \/>\t\t\t\t\t<\/div>\n\n\t\t\t\t\t\n\t\t\t\t<\/div>\n\n\t\t\t\t<div class=\"upk-content\">\n\t\t\t\t\t<div class=\"upk-content-inner\">\n\n\t\t\t\t\t\t\t\t\t\t\t\t\t<div class=\"upk-meta\">\n\t\t\t\t\t\t\t\t\n\t\t\t\t\t\t\t\t\t\t\t\t\t\t\t\t\t<div class=\"upk-blog-date\" data-separator=\"-\">\n\t\t\t\t\t\t\t\t\t\t<div class=\"upk-blog-date\">\n\t\t\t\t\t\t\t\t\t\t\t<a class=\"date\" href=\"#\">\n\t\t\t\t\t\t\t\t\t\t\t\t<i class=\"upk-icon-calendar\" aria-hidden=\"true\"><\/i>31 de mar\u00e7o de 2020\t\t\t\t\t\t\t\t\t\t\t<\/a>\n\t\t\t\t\t\t\t\t\t\t<\/div>\n\n\t\t\t\t\t\t\t\t\t\t\t\t\t\t\t\t\t\t\t<\/div>\n\t\t\t\t\t\t\t\t\n\t\t\t\t\t\t\t\t\n\t\t\t\t\t\t\t<\/div>\n\t\t\t\t\t\t\n\t\t\t\t\t\t<h3 class=\"upk-title\"><a href=\"https:\/\/clientes.jusanalytics.com.br\/professor\/2020\/03\/31\/pandemia-do-coronavirus-no-mes-do-consumidor-como-solucionar-conflitos-relacionados-ao-direito-do-consumidor\/\" title=\"Pandemia do Coronav\u00edrus no m\u00eas do Consumidor: Como solucionar conflitos relacionados ao direito do consumidor?\" class=\"title-animation-underline\" >Pandemia do Coronav\u00edrus no m\u00eas do Consumidor: Como solucionar conflitos relacionados ao direito do consumidor?<\/a><\/h3>\n\t\t\t\t\t\t\t\t\t\t\t<\/div>\n\t\t\t\t<\/div>\n\n\t\t\t<\/div>\n\t\t<\/div>\n\n\n\t\n\t\t\t\t\n\t\t\t\t\t\t\t<div class=\"upk-item\">\n\t\t\t<div class=\"upk-item-box\">\n\t\t\t\t<div class=\"upk-image-wrap\">\n\t\t\t\t\t<div class=\"upk-main-image\">\n\t\t\t\t\t\t<img loading=\"lazy\" decoding=\"async\" width=\"200\" height=\"200\" src=\"https:\/\/clientes.jusanalytics.com.br\/professor\/wp-content\/uploads\/2019\/09\/Design-sem-nome-22.png\" class=\"upk-img\" alt=\"Novas regras para p\u00f3s-gradua\u00e7\u00e3o\" srcset=\"https:\/\/clientes.jusanalytics.com.br\/professor\/wp-content\/uploads\/2019\/09\/Design-sem-nome-22.png 200w, https:\/\/clientes.jusanalytics.com.br\/professor\/wp-content\/uploads\/2019\/09\/Design-sem-nome-22-150x150.png 150w\" sizes=\"(max-width: 200px) 100vw, 200px\" \/>\t\t\t\t\t<\/div>\n\n\t\t\t\t\t\n\t\t\t\t<\/div>\n\n\t\t\t\t<div class=\"upk-content\">\n\t\t\t\t\t<div class=\"upk-content-inner\">\n\n\t\t\t\t\t\t\t\t\t\t\t\t\t<div class=\"upk-meta\">\n\t\t\t\t\t\t\t\t\n\t\t\t\t\t\t\t\t\t\t\t\t\t\t\t\t\t<div class=\"upk-blog-date\" data-separator=\"-\">\n\t\t\t\t\t\t\t\t\t\t<div class=\"upk-blog-date\">\n\t\t\t\t\t\t\t\t\t\t\t<a class=\"date\" href=\"#\">\n\t\t\t\t\t\t\t\t\t\t\t\t<i class=\"upk-icon-calendar\" aria-hidden=\"true\"><\/i>6 de setembro de 2019\t\t\t\t\t\t\t\t\t\t\t<\/a>\n\t\t\t\t\t\t\t\t\t\t<\/div>\n\n\t\t\t\t\t\t\t\t\t\t\t\t\t\t\t\t\t\t\t<\/div>\n\t\t\t\t\t\t\t\t\n\t\t\t\t\t\t\t\t\n\t\t\t\t\t\t\t<\/div>\n\t\t\t\t\t\t\n\t\t\t\t\t\t<h3 class=\"upk-title\"><a href=\"https:\/\/clientes.jusanalytics.com.br\/professor\/2019\/09\/06\/novas-regras-para-pos-graduacao\/\" title=\"Novas regras para p\u00f3s-gradua\u00e7\u00e3o\" class=\"title-animation-underline\" >Novas regras para p\u00f3s-gradua\u00e7\u00e3o<\/a><\/h3>\n\t\t\t\t\t\t\t\t\t\t\t<\/div>\n\t\t\t\t<\/div>\n\n\t\t\t<\/div>\n\t\t<\/div>\n\n\n\t\n\t\t\t\t\n\t\t\t\t\t\t\t<div class=\"upk-item\">\n\t\t\t<div class=\"upk-item-box\">\n\t\t\t\t<div class=\"upk-image-wrap\">\n\t\t\t\t\t<div class=\"upk-main-image\">\n\t\t\t\t\t\t<img loading=\"lazy\" decoding=\"async\" width=\"200\" height=\"200\" src=\"https:\/\/clientes.jusanalytics.com.br\/professor\/wp-content\/uploads\/2019\/09\/Design-sem-nome-24.png\" class=\"upk-img\" alt=\"A responsabilidade objetiva das institui\u00e7\u00f5es de ensino superior cujo curso n\u00e3o tenha sido reconhecido pelo Minist\u00e9rio da Educa\u00e7\u00e3o\" srcset=\"https:\/\/clientes.jusanalytics.com.br\/professor\/wp-content\/uploads\/2019\/09\/Design-sem-nome-24.png 200w, https:\/\/clientes.jusanalytics.com.br\/professor\/wp-content\/uploads\/2019\/09\/Design-sem-nome-24-150x150.png 150w\" sizes=\"(max-width: 200px) 100vw, 200px\" \/>\t\t\t\t\t<\/div>\n\n\t\t\t\t\t\n\t\t\t\t<\/div>\n\n\t\t\t\t<div class=\"upk-content\">\n\t\t\t\t\t<div class=\"upk-content-inner\">\n\n\t\t\t\t\t\t\t\t\t\t\t\t\t<div class=\"upk-meta\">\n\t\t\t\t\t\t\t\t\n\t\t\t\t\t\t\t\t\t\t\t\t\t\t\t\t\t<div class=\"upk-blog-date\" data-separator=\"-\">\n\t\t\t\t\t\t\t\t\t\t<div class=\"upk-blog-date\">\n\t\t\t\t\t\t\t\t\t\t\t<a class=\"date\" href=\"#\">\n\t\t\t\t\t\t\t\t\t\t\t\t<i class=\"upk-icon-calendar\" aria-hidden=\"true\"><\/i>6 de setembro de 2019\t\t\t\t\t\t\t\t\t\t\t<\/a>\n\t\t\t\t\t\t\t\t\t\t<\/div>\n\n\t\t\t\t\t\t\t\t\t\t\t\t\t\t\t\t\t\t\t<\/div>\n\t\t\t\t\t\t\t\t\n\t\t\t\t\t\t\t\t\n\t\t\t\t\t\t\t<\/div>\n\t\t\t\t\t\t\n\t\t\t\t\t\t<h3 class=\"upk-title\"><a href=\"https:\/\/clientes.jusanalytics.com.br\/professor\/2019\/09\/06\/a-responsabilidade-objetiva-das-instituicoes-de-ensino-superior-cujo-curso-nao-tenha-sido-reconhecido-pelo-ministerio-da-educacao\/\" title=\"A responsabilidade objetiva das institui\u00e7\u00f5es de ensino superior cujo curso n\u00e3o tenha sido reconhecido pelo Minist\u00e9rio da Educa\u00e7\u00e3o\" class=\"title-animation-underline\" >A responsabilidade objetiva das institui\u00e7\u00f5es de ensino superior cujo curso n\u00e3o tenha sido reconhecido pelo Minist\u00e9rio da Educa\u00e7\u00e3o<\/a><\/h3>\n\t\t\t\t\t\t\t\t\t\t\t<\/div>\n\t\t\t\t<\/div>\n\n\t\t\t<\/div>\n\t\t<\/div>\n\n\n\t\n\t\t\t\t\n\t\t\t\t\t\t\t<div class=\"upk-item\">\n\t\t\t<div class=\"upk-item-box\">\n\t\t\t\t<div class=\"upk-image-wrap\">\n\t\t\t\t\t<div class=\"upk-main-image\">\n\t\t\t\t\t\t<img decoding=\"async\" class=\"upk-img\" src=\"https:\/\/clientes.jusanalytics.com.br\/professor\/wp-content\/plugins\/elementor\/assets\/images\/placeholder.png\" alt=\"A p\u00f3s-gradua\u00e7\u00e3o stricto sensu profissional em Direito no Brasil\">\t\t\t\t\t<\/div>\n\n\t\t\t\t\t\n\t\t\t\t<\/div>\n\n\t\t\t\t<div class=\"upk-content\">\n\t\t\t\t\t<div class=\"upk-content-inner\">\n\n\t\t\t\t\t\t\t\t\t\t\t\t\t<div class=\"upk-meta\">\n\t\t\t\t\t\t\t\t\n\t\t\t\t\t\t\t\t\t\t\t\t\t\t\t\t\t<div class=\"upk-blog-date\" data-separator=\"-\">\n\t\t\t\t\t\t\t\t\t\t<div class=\"upk-blog-date\">\n\t\t\t\t\t\t\t\t\t\t\t<a class=\"date\" href=\"#\">\n\t\t\t\t\t\t\t\t\t\t\t\t<i class=\"upk-icon-calendar\" aria-hidden=\"true\"><\/i>6 de setembro de 2019\t\t\t\t\t\t\t\t\t\t\t<\/a>\n\t\t\t\t\t\t\t\t\t\t<\/div>\n\n\t\t\t\t\t\t\t\t\t\t\t\t\t\t\t\t\t\t\t<\/div>\n\t\t\t\t\t\t\t\t\n\t\t\t\t\t\t\t\t\n\t\t\t\t\t\t\t<\/div>\n\t\t\t\t\t\t\n\t\t\t\t\t\t<h3 class=\"upk-title\"><a href=\"https:\/\/clientes.jusanalytics.com.br\/professor\/2019\/09\/06\/a-pos-graduacao-stricto-sensu-profissional-em-direito-no-brasil-2\/\" title=\"A p\u00f3s-gradua\u00e7\u00e3o stricto sensu profissional em Direito no Brasil\" class=\"title-animation-underline\" >A p\u00f3s-gradua\u00e7\u00e3o stricto sensu profissional em Direito no Brasil<\/a><\/h3>\n\t\t\t\t\t\t\t\t\t\t\t<\/div>\n\t\t\t\t<\/div>\n\n\t\t\t<\/div>\n\t\t<\/div>\n\n\n\t\n\t\t\t\t\t\t\t<\/div>\n\t\t<\/div>\n\n\t\t\t\t\t<div class=\"ep-pagination\">\n\t\t\t\t<ul class=\"upk-pagination\" data-widget-id=\"e470f70\" >\n<li class=\"upk-active\"><a href=\"https:\/\/clientes.jusanalytics.com.br\/professor\/wp-json\/wp\/v2\/pages\/6418\/\">1<\/a><\/li>\n<li><a href=\"https:\/\/clientes.jusanalytics.com.br\/professor\/wp-json\/wp\/v2\/pages\/6418\/page\/2\/\">2<\/a><\/li>\n<li class=\"upk-pagination-next\"><a href=\"https:\/\/clientes.jusanalytics.com.br\/professor\/wp-json\/wp\/v2\/pages\/6418\/page\/2\/\"><span data-upk-pagination-next><i class=\"upk-icon-arrow-right-5\" aria-hidden=\"true\"><\/i><\/span><\/a><\/li>\n<\/ul>\n\t\t\t<\/div>\n\t\t\t\t<\/div>\n\t\t\t\t\t<\/div>\n\t\t\t\t<\/div>\n\t\t\t\t<\/div>\n\t\t","protected":false},"excerpt":{"rendered":"<p>Artigos 26 de mar\u00e7o de 2025 O Estatuto do Pantanal: Desafios e Especificidades de um ambiente em constante modifica\u00e7\u00e3o 27 de agosto de 2020 A pandemia da Covid-19 e a rela\u00e7\u00e3o homem-natureza 31 de mar\u00e7o de 2020 Pandemia do Coronav\u00edrus no m\u00eas do Consumidor: Como solucionar conflitos relacionados ao direito do consumidor? 6 de setembro de 2019 Novas regras para p\u00f3s-gradua\u00e7\u00e3o 6 de setembro de 2019 A responsabilidade objetiva das institui\u00e7\u00f5es de ensino superior cujo curso n\u00e3o tenha sido reconhecido pelo Minist\u00e9rio da Educa\u00e7\u00e3o 6 de setembro de 2019 A p\u00f3s-gradua\u00e7\u00e3o stricto sensu profissional em Direito no Brasil 1 2<\/p>\n","protected":false},"author":1,"featured_media":0,"parent":0,"menu_order":0,"comment_status":"closed","ping_status":"closed","template":"elementor_header_footer","meta":{"site-sidebar-layout":"no-sidebar","site-content-layout":"","ast-site-content-layout":"full-width-container","site-content-style":"default","site-sidebar-style":"default","ast-global-header-display":"","ast-banner-title-visibility":"","ast-main-header-display":"","ast-hfb-above-header-display":"","ast-hfb-below-header-display":"","ast-hfb-mobile-header-display":"","site-post-title":"disabled","ast-breadcrumbs-content":"","ast-featured-img":"disabled","footer-sml-layout":"","theme-transparent-header-meta":"default","adv-header-id-meta":"","stick-header-meta":"","header-above-stick-meta":"","header-main-stick-meta":"","header-below-stick-meta":"","astra-migrate-meta-layouts":"set","ast-page-background-enabled":"default","ast-page-background-meta":{"desktop":{"background-color":"var(--ast-global-color-5)","background-image":"","background-repeat":"repeat","background-position":"center center","background-size":"auto","background-attachment":"scroll","background-type":"","background-media":"","overlay-type":"","overlay-color":"","overlay-opacity":"","overlay-gradient":""},"tablet":{"background-color":"","background-image":"","background-repeat":"repeat","background-position":"center center","background-size":"auto","background-attachment":"scroll","background-type":"","background-media":"","overlay-type":"","overlay-color":"","overlay-opacity":"","overlay-gradient":""},"mobile":{"background-color":"","background-image":"","background-repeat":"repeat","background-position":"center center","background-size":"auto","background-attachment":"scroll","background-type":"","background-media":"","overlay-type":"","overlay-color":"","overlay-opacity":"","overlay-gradient":""}},"ast-content-background-meta":{"desktop":{"background-color":"var(--ast-global-color-4)","background-image":"","background-repeat":"repeat","background-position":"center center","background-size":"auto","background-attachment":"scroll","background-type":"","background-media":"","overlay-type":"","overlay-color":"","overlay-opacity":"","overlay-gradient":""},"tablet":{"background-color":"var(--ast-global-color-4)","background-image":"","background-repeat":"repeat","background-position":"center center","background-size":"auto","background-attachment":"scroll","background-type":"","background-media":"","overlay-type":"","overlay-color":"","overlay-opacity":"","overlay-gradient":""},"mobile":{"background-color":"var(--ast-global-color-4)","background-image":"","background-repeat":"repeat","background-position":"center center","background-size":"auto","background-attachment":"scroll","background-type":"","background-media":"","overlay-type":"","overlay-color":"","overlay-opacity":"","overlay-gradient":""}},"footnotes":""},"class_list":["post-6418","page","type-page","status-publish","hentry"],"_links":{"self":[{"href":"https:\/\/clientes.jusanalytics.com.br\/professor\/wp-json\/wp\/v2\/pages\/6418","targetHints":{"allow":["GET"]}}],"collection":[{"href":"https:\/\/clientes.jusanalytics.com.br\/professor\/wp-json\/wp\/v2\/pages"}],"about":[{"href":"https:\/\/clientes.jusanalytics.com.br\/professor\/wp-json\/wp\/v2\/types\/page"}],"author":[{"embeddable":true,"href":"https:\/\/clientes.jusanalytics.com.br\/professor\/wp-json\/wp\/v2\/users\/1"}],"replies":[{"embeddable":true,"href":"https:\/\/clientes.jusanalytics.com.br\/professor\/wp-json\/wp\/v2\/comments?post=6418"}],"version-history":[{"count":7,"href":"https:\/\/clientes.jusanalytics.com.br\/professor\/wp-json\/wp\/v2\/pages\/6418\/revisions"}],"predecessor-version":[{"id":6426,"href":"https:\/\/clientes.jusanalytics.com.br\/professor\/wp-json\/wp\/v2\/pages\/6418\/revisions\/6426"}],"wp:attachment":[{"href":"https:\/\/clientes.jusanalytics.com.br\/professor\/wp-json\/wp\/v2\/media?parent=6418"}],"curies":[{"name":"wp","href":"https:\/\/api.w.org\/{rel}","templated":true}]}}